{"id":686,"date":"2019-11-27T10:28:08","date_gmt":"2019-11-27T10:28:08","guid":{"rendered":"http:\/\/villanostra.net\/?page_id=686"},"modified":"2023-04-10T20:23:18","modified_gmt":"2023-04-10T20:23:18","slug":"politica-de-privacidad","status":"publish","type":"page","link":"https:\/\/villanostra.net\/en\/politica-de-privacidad\/","title":{"rendered":"Privacy Policy"},"content":{"rendered":"<div data-elementor-type=\"wp-page\" data-elementor-id=\"686\" class=\"elementor elementor-686\" data-elementor-post-type=\"page\">\n\t\t\t\t\t\t<section class=\"elementor-section elementor-top-section elementor-element elementor-element-c0e42a9 elementor-section-boxed elementor-section-height-default elementor-section-height-default\" data-id=\"c0e42a9\" data-element_type=\"section\" data-e-type=\"section\" data-settings=\"{&quot;background_background&quot;:&quot;classic&quot;}\">\n\t\t\t\t\t\t<div class=\"elementor-container elementor-column-gap-default\">\n\t\t\t\t\t<div class=\"elementor-column elementor-col-100 elementor-top-column elementor-element elementor-element-f57f41b stretch-to-none\" data-id=\"f57f41b\" data-element_type=\"column\" data-e-type=\"column\">\n\t\t\t<div class=\"elementor-widget-wrap elementor-element-populated\">\n\t\t\t\t\t\t<div class=\"title-with-icon elementor-element elementor-element-e23a7a3 elementor-widget elementor-widget-heading\" data-id=\"e23a7a3\" data-element_type=\"widget\" data-e-type=\"widget\" data-widget_type=\"heading.default\">\n\t\t\t\t<div class=\"elementor-widget-container\">\n\t\t\t\t\t<h1 class=\"elementor-heading-title elementor-size-default elementor-heading-title elementor-align-after-center\">Privacy Policy<\/h1>\t\t\t\t<\/div>\n\t\t\t\t<\/div>\n\t\t\t\t\t<\/div>\n\t\t<\/div>\n\t\t\t\t\t<\/div>\n\t\t<\/section>\n\t\t\t\t<section class=\"elementor-section elementor-top-section elementor-element elementor-element-4b611818 elementor-section-boxed elementor-section-height-default elementor-section-height-default\" data-id=\"4b611818\" data-element_type=\"section\" data-e-type=\"section\">\n\t\t\t\t\t\t<div class=\"elementor-container elementor-column-gap-default\">\n\t\t\t\t\t<div class=\"elementor-column elementor-col-100 elementor-top-column elementor-element elementor-element-77dd64bc stretch-to-none\" data-id=\"77dd64bc\" data-element_type=\"column\" data-e-type=\"column\">\n\t\t\t<div class=\"elementor-widget-wrap elementor-element-populated\">\n\t\t\t\t\t\t<div class=\"elementor-element elementor-element-8faefc9 elementor-widget elementor-widget-text-editor\" data-id=\"8faefc9\" data-element_type=\"widget\" data-e-type=\"widget\" data-widget_type=\"text-editor.default\">\n\t\t\t\t<div class=\"elementor-widget-container\">\n\t\t\t\t\t\t\t\t\tLiving Mindfulness S.L. (\u201cnosotros\u201d, \u201ca nosotros\u201d, \u201cnuestro\u201d) opera el sitio web https:\/\/villanostra.net (en adelante, el \u201cServicio\u201d).\n\nEsta p\u00e1gina le informa de nuestras pol\u00edticas en materia de recopilaci\u00f3n, uso y divulgaci\u00f3n de datos personales cuando utiliza nuestro Servicio y de las opciones de las que dispone en relaci\u00f3n con esos datos.\n\nUtilizamos sus datos para prestarle el Servicio y mejorarlo. Al utilizar el Servicio, usted acepta la recopilaci\u00f3n y el uso de informaci\u00f3n de conformidad con esta pol\u00edtica. A menos que esta Pol\u00edtica de privacidad defina lo contrario, los t\u00e9rminos utilizados en ella tienen los mismos significados que nuestros T\u00e9rminos y Condiciones, disponibles en el https:\/\/villanostra.net\n<h2>Definiciones<\/h2>\n<ul>\n \t<li><strong>Servicio<\/strong>\nServicio es el sitio web https:\/\/villanostra.net operado por Living Mindfulness S.L.<\/li>\n \t<li><strong>Datos personales<\/strong>\nDatos personales significa los datos sobre una persona f\u00edsica viva que puede ser identificada a partir de esos datos (o con esos datos y otra informaci\u00f3n de la que dispongamos o probablemente podamos disponer).<\/li>\n \t<li><strong>Datos de uso<\/strong>\nDatos de uso son los datos recopilados autom\u00e1ticamente, generados por el uso del Servicio (formulario de contacto) o por la propia infraestructura del Servicio (por ejemplo, la duraci\u00f3n de la visita a una p\u00e1gina).<\/li>\n \t<li><strong>Cookies<\/strong>\nLas cookies son peque\u00f1os archivos ialmacenados en su dispositivo (ordenador o dispositivo m\u00f3vil).<\/li>\n \t<li><strong>Responsable del tratamiento<\/strong>\nResponsable del tratamiento significa la persona f\u00edsica o jur\u00eddica (de forma individual o conjuntamente con otras personas) que determina las finalidades del tratamiento y la forma en la que se trata o tratar\u00e1 cualquier informaci\u00f3n personal.\nA efectos de la presente Pol\u00edtica de privacidad, somos Responsables del tratamiento de sus Datos personales.<\/li>\n \t<li><strong>Encargados del tratamiento (o Proveedores de servicios)<\/strong>\nEncargado del tratamiento (o Proveedor de servicios) significa cualquier persona f\u00edsica o jur\u00eddica que trata los datos en nombre del Responsable del tratamiento.\nPodemos utilizar los servicios de diversos Proveedores de servicios a fin de tratar sus datos de forma m\u00e1s eficaz.<\/li>\n \t<li><strong>Interesado (o Usuario)<\/strong>\nEl Interesado es cualquier persona f\u00edsica viva que utiliza nuestro Servicio y es el sujeto de los Datos personales.<\/li>\n<\/ul>\n<h2>Recopilaci\u00f3n y uso de la informaci\u00f3n<\/h2>\nRecopilamos diferentes tipos de informaci\u00f3n con diversas finalidades para prestarle el\nServicio y mejorarlo.\n<h3>Tipos de datos recopilados<\/h3>\n<h4>Datos personales<\/h4>\nCuando utilice nuestro Servicio, es posible que le pidamos que nos proporcione determinada informaci\u00f3n personalmente identificable que podr\u00e1 ser utilizada para contactar con usted o para identificarle (\u201cDatos personales\u201d). La informaci\u00f3n personalmente identificable puede incluir, entre otras, la siguiente:\n<ul>\n \t<li>Direcci\u00f3n de e-mail<\/li>\n \t<li>Nombre y apellidos<\/li>\n \t<li>N\u00famero de tel\u00e9fono<\/li>\n \t<li>Cookies y datos de uso<\/li>\n<\/ul>\n<h4>Datos de uso<\/h4>\nTambi\u00e9n recopilamos informaci\u00f3n sobre la forma en la que se accede y utiliza el Servicio (\u00abDatos de uso\u00bb). Estos Datos de uso pueden incluir informaci\u00f3n como la direcci\u00f3n del protocolo de Internet de su ordenador (por ejemplo, direcci\u00f3n IP), tipo de navegador, versi\u00f3n del navegador, las p\u00e1ginas que visita de nuestro Servicio, la hora y la fecha de su visita, el tiempo que pasa en esas p\u00e1ginas, identificadores exclusivos de dispositivos y otros datos de diagn\u00f3stico.\n<h4>Datos de cookies y seguimiento<\/h4>\nUtilizamos cookies y tecnolog\u00edas de seguimiento similares para rastrear la actividad de nuestro Servicio y mantener determinada informaci\u00f3n.\n\nLas cookies son archivos con una peque\u00f1a cantidad de datos que pueden incluir un identificador exclusivo an\u00f3nimo. Las cookies son enviadas a su navegador desde un sitio web y se almacenan en su dispositivo. Otras tecnolog\u00edas de seguimiento tambi\u00e9n utilizadas son balizas, etiquetas y scripts para recopilar y rastrear la informaci\u00f3n, as\u00ed como para mejorar y analizar nuestro Servicio.\n\nUsted puede ordenar a su navegador que rechace todas las cookies o que le avise cuando se env\u00eda una cookie. Sin embargo, si no acepta cookies, es posible que no pueda utilizar algunas partes de nuestro Servicio.\n\nEjemplos de Cookies que utilizamos:\n<ul>\n \t<li><strong>Cookies de preferencia.<\/strong> Utilizamos Cookies de preferencia para recordar sus preferencias y diversos ajustes. (ejem: idioma en que se muestra la web)<\/li>\n<\/ul>\n<h2>Uso de datos<\/h2>\nLiving Mindfulness S.L. utiliza los datos recopilados con diversas finalidades:\n<ul>\n \t<li>Suministrar y mantener nuestro Servicio<\/li>\n \t<li>Notificarle cambios en nuestro Servicio<\/li>\n \t<li>Permitirle participar en funciones interactivas de nuestro Servicio cuando decida hacerlo (formulario de contacto, formulario de reserva)<\/li>\n \t<li>Prestar asistencia al cliente<\/li>\n \t<li>Controlar el uso de nuestro Servicio<\/li>\n \t<li>Detectar, evitar y abordar problemas t\u00e9cnicos<\/li>\n<\/ul>\n<h2>Base legal para el tratamiento de datos personales de conformidad con el Reglamento General de Protecci\u00f3n de Datos (RGPD)<\/h2>\nSi usted se encuentra en el Espacio Econ\u00f3mico Europeo (EEE), la base legal de Living Mindfulness S.L. para recopilar y utilizar la informaci\u00f3n personal descrita en esta Pol\u00edtica de privacidad depende de los Datos personales que recopilemos y del contexto espec\u00edfico en el que la recopilemos.\n\nLiving Mindfulness S.L. puede tratar sus Datos personales por lo siguiente:\n<ul>\n \t<li>Ejecutar un contrato con usted<\/li>\n \t<li>Usted nos ha dado permiso para hacerlo<\/li>\n \t<li>El tratamiento favorece a nuestros intereses leg\u00edtimos y no es contrario a sus derechos<\/li>\n \t<li>Con fines del procesamiento de pagos<\/li>\n \t<li>Para cumplir la ley<\/li>\n \t<li>Desarrollar las actuaciones relacionadas con al gesti\u00f3n econ\u00f3mica de la reserva (pago, dep\u00f3sito, etc.)<\/li>\n \t<li>Gestionar su entrada y salida de la residencia. Para tal efecto, algunos de sus datos como nombre y tel\u00e9fono ser\u00e1n facilitados a la empresa ORCA SERVICES, con licencia agencia de viajes: CV-m-1738-CS. Domicilio Social: Les Barraques 13, Benicassim, C.P. 12560.<\/li>\n \t<li>Posteriores comunicaciones relacionadas con la reserva.<\/li>\n<\/ul>\n<h2>Conservaci\u00f3n de los datos<\/h2>\nLiving Mindfulness S.L. conservar\u00e1 sus Datos personales \u00fanicamente el tiempo necesario para los fines recogidos en esta Pol\u00edtica de privacidad. Conservaremos y utilizaremos sus Datos personales en la medida en que resulte necesario para cumplir nuestras obligaciones legales (por ejemplo, si estamos obligados a conservar sus datos para cumplir la legislaci\u00f3n aplicable), resolver conflictos y ejecutar nuestras pol\u00edticas y acuerdos legales.\n\nLiving Mindfulness S.L. tambi\u00e9n conservar\u00e1 los Datos de uso con fines del an\u00e1lisis interno. Por lo general, los Datos de uso se conservan durante menos tiempo, salvo cuando estos datos se utilicen para reforzar la seguridad o para mejorar la funcionalidad de nuestro Servicio, o cuando estemos legalmente obligados a conservar estos datos durante periodos de tiempo m\u00e1s prolongados.\n\nPara cumplir con los estipulado en el RGPD en la normativa puesta en vigor el 25 de mayo de 2018, le informamos de que sus datos personales quedar\u00e1n registrados en el fichero del titular (Living Mindfulness Sl. CIF: B87742037. Domicilio Social: Avenida Burgos, 32 &#8211; PISO 6 PTA 1, 28036 , Madrid),\n<h2>Transferencia de datos<\/h2>\nSu informaci\u00f3n, incluyendo Datos personales, puede ser transferida a \u2014y mantenida en\u2014 ordenadores localizados fuera de su estado, provincia, pa\u00eds u otra jurisdicci\u00f3n gubernamental donde las leyes de protecci\u00f3n de datos pueden diferir de las de su jurisdicci\u00f3n.\n\nSi usted se encuentra fuera de Espa\u00f1a y decide facilitarnos informaci\u00f3n, tenga en cuenta que nosotros transferimos los datos, incluyendo Datos personales, a Espa\u00f1a y que los tratamos all\u00ed.\n\nSu aceptaci\u00f3n de esta Pol\u00edtica de privacidad seguida de su env\u00edo de esta informaci\u00f3n representa que est\u00e1 de acuerdo con dicha transferencia.\n\nLiving Mindfulness S.L. emprender\u00e1 todas las medidas razonables necesarias para garantizar que sus datos sean tratados de forma segura y de conformidad con esta Pol\u00edtica de privacidad y no se realizar\u00e1 ninguna transferencia de sus Datos personales a una organizaci\u00f3n o pa\u00eds, salvo que existan unos controles adecuados establecidos incluyendo la seguridad de sus datos y otra informaci\u00f3n personal.\n<h2>Divulgaci\u00f3n de datos<\/h2>\n<h3>Divulgaci\u00f3n por obligaci\u00f3n legal<\/h3>\nEn determinadas circunstancias, Living Mindfulness S.L. puede estar obligada a divulgar sus Datos personales cuando as\u00ed lo exija la legislaci\u00f3n o en respuesta a solicitudes v\u00e1lidas de autoridades p\u00fablicas (por ejemplo, un tribunal o un organismo p\u00fablico).\n<h3>Requisitos legales<\/h3>\nLiving Mindfulness S.L. puede divulgar sus Datos personales de buena fe cuando considere que esta acci\u00f3n es necesaria para lo siguiente:\n<ul>\n \t<li>Cumplir una obligaci\u00f3n legal<\/li>\n \t<li>Proteger y defender los derechos o bienes de Living Mindfulness S.L.<\/li>\n \t<li>Prevenir o investigar posibles infracciones en relaci\u00f3n con el Servicio<\/li>\n \t<li>Proteger la seguridad personal de usuarios del Servicio o del p\u00fablico<\/li>\n \t<li>Protegerse frente a consecuencias legales<\/li>\n<\/ul>\n<h2>Seguridad de los datos<\/h2>\nLa seguridad de sus datos es importante para nosotros, pero recuerde que ning\u00fan m\u00e9todo de transmisi\u00f3n por Internet o m\u00e9todo de almacenamiento electr\u00f3nico resulta 100% seguro. A pesar de que nos esforzamos por utilizar medios comercialmente aceptables para proteger sus Datos personales, no podemos garantizar su seguridad absoluta.\n<h2>Sus derechos de protecci\u00f3n de datos de conformidad con el Reglamento General de Protecci\u00f3n de Datos (RGPD)<\/h2>\nSi usted reside en el Espacio Econ\u00f3mico Europeo (EEE), tiene determinados derechos en materia de protecci\u00f3n de datos. Living Mindfulness S.L. pretende emprender medidas razonables para que usted pueda corregir, modificar, suprimir o limitar el uso de sus Datos personales.\n\nSi desea ser informado de los Datos personales que mantenemos sobre usted y si desea ser eliminado de nuestros sistemas, contacte con nosotros.\n\nEn determinadas circunstancias, tiene los siguientes derechos en materia de protecci\u00f3n de datos:\n<ul>\n \t<li><strong>El derecho a acceder, actualizar o suprimir la informaci\u00f3n que tenemos sobre usted.<\/strong> Siempre que sea posible, usted puede acceder, actualizar o solicitar la supresi\u00f3n de sus Datos personales directamente dentro de la secci\u00f3n de configuraci\u00f3n de su cuenta. Si no puede realizar estas acciones usted mismo, contacte con nosotros para que le ayudemos.<\/li>\n \t<li><strong>El derecho de rectificaci\u00f3n.<\/strong> Tiene derecho a que su informaci\u00f3n sea rectificada si esa informaci\u00f3n es inexacta o incompleta.<\/li>\n \t<li><strong>El derecho de oposici\u00f3n.<\/strong> Tiene el derecho a oponerse a que tratemos sus Datos personales.<\/li>\n \t<li><strong>El derecho a la limitaci\u00f3n.<\/strong> Tiene derecho a solicitar que limitemos el tratamiento de sus datos personales.<\/li>\n \t<li><strong>El derecho a la portabilidad de los datos.<\/strong> Tiene derecho a que se le facilite una copia de los datos que mantenemos sobre usted en un formato estructurado, de uso com\u00fan y lectura mec\u00e1nica.<\/li>\n \t<li><strong>El derecho a retirar su consentimiento.<\/strong> Tiene derecho a retirar su consentimiento en cualquier momento cuando Living Mindfulness S.L. se haya basado en su consentimiento para tratar sus datos personales.<\/li>\n<\/ul>\nTenga en cuenta que es posible que le pidamos que verifique su identidad antes de responder a estas solicitudes.\n\nTiene derecho a presentar una reclamaci\u00f3n a una autoridad de control en relaci\u00f3n con nuestra recopilaci\u00f3n y uso de sus Datos personales. Para m\u00e1s informaci\u00f3n, contacte con su autoridad de control local en el Espacio Econ\u00f3mico Europeo (EEE).\n<h2>Proveedores de servicios<\/h2>\nPodemos contratar a personas f\u00edsicas y jur\u00eddicas terceras para facilitar nuestro Servicio (\u201cProveedores de servicios\u201d), para que presten el Servicio en nuestro nombre, para que suministren servicios relacionados con el Servicio o para que nos ayuden a analizar c\u00f3mo se utiliza nuestro Servicio.\n\nEstos terceros tienen acceso a sus Datos personales \u00fanicamente para realizar estas tareas en nuestro nombre y est\u00e1n obligados a no divulgarlos ni utilizarlos con ning\u00fan otro fin.\n<h2>Enlaces a otros sitios<\/h2>\nNuestro Servicio puede contener enlaces a otros sitios no operados por nosotros. Si hace clic en el enlace de un tercero, ser\u00e1 dirigido al sitio de ese tercero. Le recomendamos encarecidamente que revise la Pol\u00edtica de privacidad de todos los sitios que visite.\n\nNo tenemos ning\u00fan control ni asumimos responsabilidad alguna con respecto al contenido, las pol\u00edticas o pr\u00e1cticas de privacidad de sitios o servicios de terceros.\n<h2>Privacidad del menor<\/h2>\nNuestro servicio no est\u00e1 dirigido a ning\u00fan menor de 18 a\u00f1os (en adelante, \u201cMenor\u201d).\n\nNo recopilamos de forma consciente informaci\u00f3n personalmente identificable de menores de 18 a\u00f1os. Si es usted un padre\/madre o tutor y tiene conocimiento de que su hijo nos ha facilitado Datos personales, contacte con nosotros. Si tenemos conocimiento de que hemos recopilado Datos personales de menores sin verificaci\u00f3n del consentimiento parental, tomamos medidas para eliminar esa informaci\u00f3n de nuestros servidores.\n<h2>Cambios en esta Pol\u00edtica de privacidad<\/h2>\nPodemos actualizar nuestra Pol\u00edtica de privacidad peri\u00f3dicamente. Le notificaremos cualquier cambio publicando la nueva Pol\u00edtica de privacidad en esta p\u00e1gina.\n\nLe informaremos a trav\u00e9s del e-mail y\/o de un aviso destacado sobre nuestro Servicio antes de que el cambio entre en vigor y actualizaremos la \u00abfecha efectiva\u00bb en la parte superior de esta Pol\u00edtica de privacidad.\n\nLe recomendamos que revise esta Pol\u00edtica de privacidad peri\u00f3dicamente para comprobar si se ha introducido alg\u00fan cambio. Los cambios en esta Pol\u00edtica de privacidad entran en vigor cuando se publican en esta p\u00e1gina.\n<h2>Contacte con nosotros<\/h2>\nSi tiene alguna pregunta sobre esta Pol\u00edtica de privacidad, contacte con nosotros:\n<ul>\n \t<li>Por e-mail: info@villanostra.net<\/li>\n<\/ul>\t\t\t\t\t\t\t\t<\/div>\n\t\t\t\t<\/div>\n\t\t\t\t\t<\/div>\n\t\t<\/div>\n\t\t\t\t\t<\/div>\n\t\t<\/section>\n\t\t\t\t<\/div>","protected":false},"excerpt":{"rendered":"<p>Living Mindfulness S.L. (\u201cnosotros\u201d, \u201ca nosotros\u201d, \u201cnuestro\u201d) opera el sitio web https:\/\/villanostra.net (en adelante, el \u201cServicio\u201d). Esta p\u00e1gina le informa de nuestras pol\u00edticas en materia de recopilaci\u00f3n, uso y divulgaci\u00f3n de datos personales cuando utiliza nuestro Servicio y de las opciones de las que dispone en relaci\u00f3n con esos datos. Utilizamos sus datos para prestarle [&hellip;]<\/p>\n","protected":false},"author":1,"featured_media":928,"parent":0,"menu_order":0,"comment_status":"closed","ping_status":"closed","template":"elementor_canvas","meta":{"footnotes":""},"class_list":["post-686","page","type-page","status-publish","has-post-thumbnail","hentry"],"_links":{"self":[{"href":"https:\/\/villanostra.net\/en\/wp-json\/wp\/v2\/pages\/686","targetHints":{"allow":["GET"]}}],"collection":[{"href":"https:\/\/villanostra.net\/en\/wp-json\/wp\/v2\/pages"}],"about":[{"href":"https:\/\/villanostra.net\/en\/wp-json\/wp\/v2\/types\/page"}],"author":[{"embeddable":true,"href":"https:\/\/villanostra.net\/en\/wp-json\/wp\/v2\/users\/1"}],"replies":[{"embeddable":true,"href":"https:\/\/villanostra.net\/en\/wp-json\/wp\/v2\/comments?post=686"}],"version-history":[{"count":16,"href":"https:\/\/villanostra.net\/en\/wp-json\/wp\/v2\/pages\/686\/revisions"}],"predecessor-version":[{"id":1358,"href":"https:\/\/villanostra.net\/en\/wp-json\/wp\/v2\/pages\/686\/revisions\/1358"}],"wp:featuredmedia":[{"embeddable":true,"href":"https:\/\/villanostra.net\/en\/wp-json\/wp\/v2\/media\/928"}],"wp:attachment":[{"href":"https:\/\/villanostra.net\/en\/wp-json\/wp\/v2\/media?parent=686"}],"curies":[{"name":"wp","href":"https:\/\/api.w.org\/{rel}","templated":true}]}}