{"id":1296,"date":"2023-04-10T19:30:35","date_gmt":"2023-04-10T19:30:35","guid":{"rendered":"https:\/\/villanostra.net\/?page_id=1296"},"modified":"2026-02-03T19:46:33","modified_gmt":"2026-02-03T19:46:33","slug":"condiciones","status":"publish","type":"page","link":"https:\/\/villanostra.net\/en\/condiciones\/","title":{"rendered":"Conditions"},"content":{"rendered":"<div data-elementor-type=\"wp-page\" data-elementor-id=\"1296\" class=\"elementor elementor-1296\" data-elementor-post-type=\"page\">\n\t\t\t\t<\/p>\n<p><\/p>\n<ul class=\"wp-block-list\">\n<li>Gel, shampoo, conditioner, towels, sheets and kitchen cloths<\/li>\n<li>Private pool. Jacuzzi service not available<\/li>\n<li>Pool and garden maintenance<\/li>\n<li>Kitchenware and appliances<\/li>\n<li>Washer, dryer, iron and laundry products<\/li>\n<li>Wi-Fi connection<\/li>\n<li>All bathrooms have a hairdryer<\/li>\n<\/ul>\n<p><\/p>\n<h3 class=\"wp-block-heading\">Conditions of use<\/h3>\n<ul>\n<li>Respect the neighbours, especially after 12 at night.<\/li>\n<li>Smoking is not allowed inside the house. You can smoke outside: porches, garden, barbecue<\/li>\n<li>The villa will be returned in the conditions in which it was delivered, including the belongings that are made available to the guests. Clean and organized kitchenware. The furniture in the conditions and in the place in which it was delivered.<\/li>\n<li>Cleaning costs are estimated for 12 hours. An extra charge will apply if a longer time is required.<\/li>\n<li>The celebration of events or parties without prior approval is not allowed and involves special rates. It is necessary to inform at the time of booking.<\/li>\n<li>\u201cEarly check-in\u201d\/ \u201cLate check-out\u201d requires availability and prior approval and involves special rates.<\/li>\n<li>Maintenance personnel (pool and garden) are allowed access to the garden, pool and garage area for this purpose.<\/li>\n<\/ul>\n<p><\/p>\t\t\t\t\t\t\t\t<\/div>\n\t\t\t\t<\/div>\n\t\t\t\t\t<\/div>\n\t\t<\/div>\n\t\t\t\t\t<\/div>\n\t\t<\/section>\n\t\t\t\t<section class=\"elementor-section elementor-top-section elementor-element elementor-element-bffdeed elementor-section-boxed elementor-section-height-default elementor-section-height-default\" data-id=\"bffdeed\" data-element_type=\"section\" data-e-type=\"section\">\n\t\t\t\t\t\t<div class=\"elementor-container elementor-column-gap-default\">\n\t\t\t\t\t<div class=\"elementor-column elementor-col-100 elementor-top-column elementor-element elementor-element-bf26458 stretch-to-none\" data-id=\"bf26458\" data-element_type=\"column\" data-e-type=\"column\">\n\t\t\t<div class=\"elementor-widget-wrap elementor-element-populated\">\n\t\t\t\t\t\t<div class=\"elementor-element elementor-element-48ae3e4 elementor-align-center elementor-widget elementor-widget-button\" data-id=\"48ae3e4\" data-element_type=\"widget\" data-e-type=\"widget\" data-widget_type=\"button.default\">\n\t\t\t\t<div class=\"elementor-widget-container\">\n\t\t\t\t\t\t\t\t\t<div class=\"elementor-button-wrapper\">\n\t\t\t\t\t<a class=\"elementor-button elementor-button-link elementor-size-sm\" href=\"https:\/\/villanostra.net\/en\/contacto\/\">\n\t\t\t\t\t\t<span class=\"elementor-button-content-wrapper\">\n\t\t\t\t\t\t\t\t\t<span class=\"elementor-button-text\">INTERESTED? CONTACT US<\/span>\n\t\t\t\t\t<\/span>\n\t\t\t\t\t<\/a>\n\t\t\t\t<\/div>\n\t\t\t\t\t\t\t\t<\/div>\n\t\t\t\t<\/div>\n\t\t\t\t\t<\/div>\n\t\t<\/div>\n\t\t\t\t\t<\/div>\n\t\t<\/section>\n\t\t\t\t<section class=\"elementor-section elementor-top-section elementor-element elementor-element-f9de0fb elementor-section-boxed elementor-section-height-default elementor-section-height-default\" data-id=\"f9de0fb\" data-element_type=\"section\" data-e-type=\"section\">\n\t\t\t\t\t\t<div class=\"elementor-container elementor-column-gap-default\">\n\t\t\t\t\t<div class=\"elementor-column elementor-col-100 elementor-top-column elementor-element elementor-element-0d5ab17 stretch-to-none\" data-id=\"0d5ab17\" data-element_type=\"column\" data-e-type=\"column\">\n\t\t\t<div class=\"elementor-widget-wrap elementor-element-populated\">\n\t\t\t\t\t\t<div class=\"elementor-element elementor-element-c754bab elementor-widget elementor-widget-spacer\" data-id=\"c754bab\" data-element_type=\"widget\" data-e-type=\"widget\" data-widget_type=\"spacer.default\">\n\t\t\t\t<div class=\"elementor-widget-container\">\n\t\t\t\t\t\t\t<div class=\"elementor-spacer\">\n\t\t\t<div class=\"elementor-spacer-inner\"><\/div>\n\t\t<\/div>\n\t\t\t\t\t\t<\/div>\n\t\t\t\t<\/div>\n\t\t\t\t\t<\/div>\n\t\t<\/div>\n\t\t\t\t\t<\/div>\n\t\t<\/section>\n\t\t\t\t<section class=\"elementor-section elementor-top-section elementor-element elementor-element-79baeff elementor-section-boxed elementor-section-height-default elementor-section-height-default\" data-id=\"79baeff\" data-element_type=\"section\" data-e-type=\"section\" data-settings=\"{&quot;background_background&quot;:&quot;classic&quot;}\">\n\t\t\t\t\t\t\t<div class=\"elementor-background-overlay\"><\/div>\n\t\t\t\t\t\t\t<div class=\"elementor-container elementor-column-gap-default\">\n\t\t\t\t\t<div class=\"elementor-column elementor-col-100 elementor-top-column elementor-element elementor-element-6a363d1 stretch-to-none\" data-id=\"6a363d1\" data-element_type=\"column\" data-e-type=\"column\">\n\t\t\t<div class=\"elementor-widget-wrap elementor-element-populated\">\n\t\t\t\t\t\t<div class=\"title-with-icon elementor-element elementor-element-d7e2f19 elementor-widget elementor-widget-heading\" data-id=\"d7e2f19\" data-element_type=\"widget\" data-e-type=\"widget\" data-widget_type=\"heading.default\">\n\t\t\t\t<div class=\"elementor-widget-container\">\n\t\t\t\t\t<h1 class=\"elementor-heading-title elementor-size-default elementor-heading-title elementor-align-after-center\">Conditions<\/h1>\t\t\t\t<\/div>\n\t\t\t\t<\/div>\n\t\t\t\t\t<\/div>\n\t\t<\/div>\n\t\t\t\t\t<\/div>\n\t\t<\/section>\n\t\t\t\t<section class=\"elementor-section elementor-top-section elementor-element elementor-element-137c5e3e elementor-section-boxed elementor-section-height-default elementor-section-height-default\" data-id=\"137c5e3e\" data-element_type=\"section\" data-e-type=\"section\">\n\t\t\t\t\t\t<div class=\"elementor-container elementor-column-gap-default\">\n\t\t\t\t\t<div class=\"elementor-column elementor-col-100 elementor-top-column elementor-element elementor-element-3597db0e stretch-to-none\" data-id=\"3597db0e\" data-element_type=\"column\" data-e-type=\"column\">\n\t\t\t<div class=\"elementor-widget-wrap elementor-element-populated\">\n\t\t\t\t\t\t<div class=\"elementor-element elementor-element-478de131 elementor-widget elementor-widget-text-editor\" data-id=\"478de131\" data-element_type=\"widget\" data-e-type=\"widget\" data-widget_type=\"text-editor.default\">\n\t\t\t\t<div class=\"elementor-widget-container\">\n\t\t\t\t\t\t\t\t\t<p><\/p>\n<p>Here you can find our NORMS OF USE and INCLUDED SERVICES.<\/p>\n<p><\/p>\t\t\t\t\t\t\t\t<\/div>\n\t\t\t\t<\/div>\n\t\t\t\t\t<\/div>\n\t\t<\/div>\n\t\t\t\t\t<\/div>\n\t\t<\/section>\n\t\t\t\t<section class=\"elementor-section elementor-top-section elementor-element elementor-element-5338cdd6 elementor-section-boxed elementor-section-height-default elementor-section-height-default\" data-id=\"5338cdd6\" data-element_type=\"section\" data-e-type=\"section\">\n\t\t\t\t\t\t<div class=\"elementor-container elementor-column-gap-default\">\n\t\t\t\t\t<div class=\"elementor-column elementor-col-100 elementor-top-column elementor-element elementor-element-1ce8775a stretch-to-none\" data-id=\"1ce8775a\" data-element_type=\"column\" data-e-type=\"column\">\n\t\t\t<div class=\"elementor-widget-wrap elementor-element-populated\">\n\t\t\t\t\t\t<div class=\"elementor-element elementor-element-587a13ba elementor-widget elementor-widget-text-editor\" data-id=\"587a13ba\" data-element_type=\"widget\" data-e-type=\"widget\" data-widget_type=\"text-editor.default\">\n\t\t\t\t<div class=\"elementor-widget-container\">\n\t\t\t\t\t\t\t\t\t<ul>\n<li style=\"list-style-type: none;\">\n<ul><\/ul>\n<\/li>\n<\/ul>\n<ul>\n<li style=\"list-style-type: none;\">\n<ul>\n<li><strong>Check-in: 5 pm, check-out: 10 am\u00a0<\/strong><\/li>\n<\/ul>\n<\/li>\n<\/ul>\n<p><\/p>\n<p><\/p>\n<ul>\n<li style=\"list-style-type: none;\">\n<ul>\n<li><strong>Extra bed: 30\u20ac per bed and night.<\/strong><\/li>\n<\/ul>\n<\/li>\n<\/ul>\n<p><\/p>\n<p><\/p>\n<ul>\n<li style=\"list-style-type: none;\">\n<ul>\n<li><strong>2 baby cots available (without extra charge, sheets included)<\/strong><\/li>\n<\/ul>\n<\/li>\n<\/ul>\n<p><\/p>\n<p><\/p>\n<p><\/p>\n<hr \/>\n<p><\/p>\n<p><\/p>\n<h3 class=\"wp-block-heading\">Terms of payment and security deposit<\/h3>\n<ul>\n<li>40% down payment when formalizing the reservation. PAYMENT by bank transfer to BANKINTER, S.A. bank account:\n<ul>\n<li>IBAN: ES0701285490010100000763 &#8211; SWIFT: BKBKESMMXXX.<\/li>\n<li style=\"list-style-type: none;\">\u00a0<\/li>\n<li>Account holder: Living Mindfulness, S.L.<\/li>\n<\/ul>\n<\/li>\n<li>60% down payment up to 2 weeks before check-in. PAYMENT by bank transfer to the same bank account.<\/li>\n<\/ul>\n<h3>REFUNDABLE deposit<\/h3>\n<ul>\n<li>\u20ac500 deposit<\/li>\n<li>It has to be payed by bank transfer together with the second payment. The deposit will be returned by bank transfer once it has been verified that the house is in the conditions in which it was delivered, with a maximum of 2 business days from the return of the keys.<\/li>\n<\/ul>\n<h3>Cancellation policy<\/h3>\n<ul>\n<li>100% refundable if the cancellation occurs up to 12 weeks before check-in, except \u20ac75 for cancellation fees.<\/li>\n<li>50% refundable if cancellation occurs up to 4 weeks before check-in.<\/li>\n<li>25% refundable if cancellation occurs up to 2 weeks before check-in.<\/li>\n<\/ul>\n<h3><span style=\"letter-spacing: -0.9px;\">Included services<\/span><\/h3>\n<p><\/p>\n<p><!-- wp:list --><\/p>\n<ul>\n<li>Gel, shampoo, conditioner, towels, sheets and kitchen cloths<\/li>\n<li>Private pool. Jacuzzi service not available<\/li>\n<li>Pool and garden maintenance<\/li>\n<li>Kitchenware and appliances<\/li>\n<li>Washer, dryer, iron and laundry products<\/li>\n<li>Wi-Fi connection<\/li>\n<li>All bathrooms have a hairdryer<\/li>\n<\/ul>\n<p><!-- wp:heading {\"level\":3} --><\/p>\n<h3>Conditions of use<\/h3>\n<ul>\n<li>Respect the neighbours, especially after 12 at night.<\/li>\n<li>Smoking is not allowed inside the house. You can smoke outside: porches, garden, barbecue<\/li>\n<li>The villa will be returned in the conditions in which it was delivered, including the belongings that are made available to the guests. Clean and organized kitchenware. The furniture in the conditions and in the place in which it was delivered.<\/li>\n<li>Cleaning costs are estimated for 12 hours. An extra charge will apply if a longer time is required.<\/li>\n<li>The celebration of events or parties without prior approval is not allowed and involves special rates. It is necessary to inform at the time of booking.<\/li>\n<li>\u201cEarly check-in\u201d\/ \u201cLate check-out\u201d requires availability and prior approval and involves special rates.<\/li>\n<li>Maintenance personnel (pool and garden) are allowed access to the garden, pool and garage area for this purpose.<\/li>\n<\/ul>\n<p><!-- \/wp:list --><\/p>\t\t\t\t\t\t\t\t<\/div>\n\t\t\t\t<\/div>\n\t\t\t\t\t<\/div>\n\t\t<\/div>\n\t\t\t\t\t<\/div>\n\t\t<\/section>\n\t\t\t\t<section class=\"elementor-section elementor-top-section elementor-element elementor-element-bffdeed elementor-section-boxed elementor-section-height-default elementor-section-height-default\" data-id=\"bffdeed\" data-element_type=\"section\" data-e-type=\"section\">\n\t\t\t\t\t\t<div class=\"elementor-container elementor-column-gap-default\">\n\t\t\t\t\t<div class=\"elementor-column elementor-col-100 elementor-top-column elementor-element elementor-element-bf26458 stretch-to-none\" data-id=\"bf26458\" data-element_type=\"column\" data-e-type=\"column\">\n\t\t\t<div class=\"elementor-widget-wrap elementor-element-populated\">\n\t\t\t\t\t\t<div class=\"elementor-element elementor-element-48ae3e4 elementor-align-center elementor-widget elementor-widget-button\" data-id=\"48ae3e4\" data-element_type=\"widget\" data-e-type=\"widget\" data-widget_type=\"button.default\">\n\t\t\t\t<div class=\"elementor-widget-container\">\n\t\t\t\t\t\t\t\t\t<div class=\"elementor-button-wrapper\">\n\t\t\t\t\t<a class=\"elementor-button elementor-button-link elementor-size-sm\" href=\"https:\/\/villanostra.net\/en\/contacto\/\">\n\t\t\t\t\t\t<span class=\"elementor-button-content-wrapper\">\n\t\t\t\t\t\t\t\t\t<span class=\"elementor-button-text\">INTERESTED? CONTACT US<\/span>\n\t\t\t\t\t<\/span>\n\t\t\t\t\t<\/a>\n\t\t\t\t<\/div>\n\t\t\t\t\t\t\t\t<\/div>\n\t\t\t\t<\/div>\n\t\t\t\t\t<\/div>\n\t\t<\/div>\n\t\t\t\t\t<\/div>\n\t\t<\/section>\n\t\t\t\t<section class=\"elementor-section elementor-top-section elementor-element elementor-element-f9de0fb elementor-section-boxed elementor-section-height-default elementor-section-height-default\" data-id=\"f9de0fb\" data-element_type=\"section\" data-e-type=\"section\">\n\t\t\t\t\t\t<div class=\"elementor-container elementor-column-gap-default\">\n\t\t\t\t\t<div class=\"elementor-column elementor-col-100 elementor-top-column elementor-element elementor-element-0d5ab17 stretch-to-none\" data-id=\"0d5ab17\" data-element_type=\"column\" data-e-type=\"column\">\n\t\t\t<div class=\"elementor-widget-wrap elementor-element-populated\">\n\t\t\t\t\t\t<div class=\"elementor-element elementor-element-c754bab elementor-widget elementor-widget-spacer\" data-id=\"c754bab\" data-element_type=\"widget\" data-e-type=\"widget\" data-widget_type=\"spacer.default\">\n\t\t\t\t<div class=\"elementor-widget-container\">\n\t\t\t\t\t\t\t<div class=\"elementor-spacer\">\n\t\t\t<div class=\"elementor-spacer-inner\"><\/div>\n\t\t<\/div>\n\t\t\t\t\t\t<\/div>\n\t\t\t\t<\/div>\n\t\t\t\t\t<\/div>\n\t\t<\/div>\n\t\t\t\t\t<\/div>\n\t\t<\/section>\n\t\t\t\t<\/div>","protected":false},"excerpt":{"rendered":"<p>Aqu\u00ed puedes encontrar nuestras NORMAS DE USO y SERVICIOS INCLU\u00cdDOS. Condiciones de pago y dep\u00f3sito de seguridad 40%\u00a0 en el momento de formalizaci\u00f3n de la reserva. ABONO mediante transferencia bancaria a la entidad BANKINTER, S.A. Cuenta corriente: IBAN: ES0701285490010100000763 &#8211; SWIFT: BKBKESMMXXX. \u00a0 Titular Living Mindfulness, S.L. 60% hasta 2 semanas antes del check-in . [&hellip;]<\/p>\n","protected":false},"author":1,"featured_media":970,"parent":0,"menu_order":0,"comment_status":"closed","ping_status":"closed","template":"elementor_canvas","meta":{"footnotes":""},"class_list":["post-1296","page","type-page","status-publish","has-post-thumbnail","hentry"],"_links":{"self":[{"href":"https:\/\/villanostra.net\/en\/wp-json\/wp\/v2\/pages\/1296","targetHints":{"allow":["GET"]}}],"collection":[{"href":"https:\/\/villanostra.net\/en\/wp-json\/wp\/v2\/pages"}],"about":[{"href":"https:\/\/villanostra.net\/en\/wp-json\/wp\/v2\/types\/page"}],"author":[{"embeddable":true,"href":"https:\/\/villanostra.net\/en\/wp-json\/wp\/v2\/users\/1"}],"replies":[{"embeddable":true,"href":"https:\/\/villanostra.net\/en\/wp-json\/wp\/v2\/comments?post=1296"}],"version-history":[{"count":30,"href":"https:\/\/villanostra.net\/en\/wp-json\/wp\/v2\/pages\/1296\/revisions"}],"predecessor-version":[{"id":1668,"href":"https:\/\/villanostra.net\/en\/wp-json\/wp\/v2\/pages\/1296\/revisions\/1668"}],"wp:featuredmedia":[{"embeddable":true,"href":"https:\/\/villanostra.net\/en\/wp-json\/wp\/v2\/media\/970"}],"wp:attachment":[{"href":"https:\/\/villanostra.net\/en\/wp-json\/wp\/v2\/media?parent=1296"}],"curies":[{"name":"wp","href":"https:\/\/api.w.org\/{rel}","templated":true}]}}